{"id":520,"date":"2024-10-27T17:18:03","date_gmt":"2024-10-27T16:18:03","guid":{"rendered":"https:\/\/hetreinterieur.be\/?page_id=520"},"modified":"2024-11-16T16:00:38","modified_gmt":"2024-11-16T15:00:38","slug":"blog","status":"publish","type":"page","link":"https:\/\/hetreinterieur.be\/index.php\/blog\/","title":{"rendered":"Blog"},"content":{"rendered":"\n<div style=\"height:35px\" aria-hidden=\"true\" class=\"wp-block-spacer\"><\/div>\n\n\n\n<h2 class=\"wp-block-heading has-text-regular-color has-text-color has-link-color has-alt-font-family has-large-font-size wp-elements-a29c9d1351d2963360e1a39c4befd221\">D\u00e9couvrez notre blog<\/h2>\n\n\n\n<p>Vous \u00eates arriv\u00e9 dans notre espace de lecture, prenez le temps de lire les articles que nous prenons soin d&rsquo;\u00e9crire. Ici on parle de tout et en toute bienveillance.<\/p>\n\n\n\n<p>Bonne lecture !<\/p>\n\n\n\n<div style=\"height:35px\" aria-hidden=\"true\" class=\"wp-block-spacer\"><\/div>\n\n\n<ul class=\"wp-block-latest-posts__list is-grid columns-2 has-dates wp-block-latest-posts\"><li><div class=\"wp-block-latest-posts__featured-image aligncenter\"><a href=\"https:\/\/hetreinterieur.be\/index.php\/2024\/11\/16\/des-racines-ou-des-ailes\/\" aria-label=\"Des racines ou des ailes ?\"><img loading=\"lazy\" decoding=\"async\" width=\"1024\" height=\"1024\" src=\"https:\/\/hetreinterieur.be\/wp-content\/uploads\/2024\/11\/jeremy-bishop-EwKXn5CapA4-unsplash-scaled-e1731766517246-1024x1024.jpg\" class=\"attachment-large size-large wp-post-image\" alt=\"\" style=\"\" srcset=\"https:\/\/hetreinterieur.be\/wp-content\/uploads\/2024\/11\/jeremy-bishop-EwKXn5CapA4-unsplash-scaled-e1731766517246-1024x1024.jpg 1024w, https:\/\/hetreinterieur.be\/wp-content\/uploads\/2024\/11\/jeremy-bishop-EwKXn5CapA4-unsplash-scaled-e1731766517246-300x300.jpg 300w, https:\/\/hetreinterieur.be\/wp-content\/uploads\/2024\/11\/jeremy-bishop-EwKXn5CapA4-unsplash-scaled-e1731766517246-150x150.jpg 150w, https:\/\/hetreinterieur.be\/wp-content\/uploads\/2024\/11\/jeremy-bishop-EwKXn5CapA4-unsplash-scaled-e1731766517246-768x768.jpg 768w, https:\/\/hetreinterieur.be\/wp-content\/uploads\/2024\/11\/jeremy-bishop-EwKXn5CapA4-unsplash-scaled-e1731766517246-1536x1536.jpg 1536w, https:\/\/hetreinterieur.be\/wp-content\/uploads\/2024\/11\/jeremy-bishop-EwKXn5CapA4-unsplash-scaled-e1731766517246-1170x1170.jpg 1170w, https:\/\/hetreinterieur.be\/wp-content\/uploads\/2024\/11\/jeremy-bishop-EwKXn5CapA4-unsplash-scaled-e1731766517246-1320x1320.jpg 1320w, https:\/\/hetreinterieur.be\/wp-content\/uploads\/2024\/11\/jeremy-bishop-EwKXn5CapA4-unsplash-scaled-e1731766517246.jpg 1707w\" sizes=\"auto, (max-width: 1024px) 100vw, 1024px\" \/><\/a><\/div><a class=\"wp-block-latest-posts__post-title\" href=\"https:\/\/hetreinterieur.be\/index.php\/2024\/11\/16\/des-racines-ou-des-ailes\/\">Des racines ou des ailes ?<\/a><time datetime=\"2024-11-16T15:13:57+01:00\" class=\"wp-block-latest-posts__post-date\">16 novembre 2024<\/time><div class=\"wp-block-latest-posts__post-excerpt\">Il y a seulement deux choses \u00e0 donner \u00e0 nos enfants\u00a0: l\u2019une ce sont des racines, l\u2019autre ce sont des ailes &#8230; Spontan\u00e9ment, nous &nbsp;privil\u00e9gierons\u2026 <a class=\"wp-block-latest-posts__read-more\" href=\"https:\/\/hetreinterieur.be\/index.php\/2024\/11\/16\/des-racines-ou-des-ailes\/\" rel=\"noopener noreferrer\">Lire la suite<span class=\"screen-reader-text\">\u00a0: Des racines ou des ailes ?<\/span><\/a><\/div><\/li>\n<li><div class=\"wp-block-latest-posts__featured-image aligncenter\"><a href=\"https:\/\/hetreinterieur.be\/index.php\/2024\/10\/30\/sous-emprise\/\" aria-label=\"Que veut dire\u00a0 \u00ab\u00a0\u00eatre sous emprise\u00a0\u00bb\u00a0?\"><img loading=\"lazy\" decoding=\"async\" width=\"1024\" height=\"1024\" src=\"https:\/\/hetreinterieur.be\/wp-content\/uploads\/2024\/10\/marco-bianchetti-BtU2LKWjAsA-unsplash-scaled-e1731144170416-1024x1024.jpg\" class=\"attachment-large size-large wp-post-image\" alt=\"\" style=\"\" srcset=\"https:\/\/hetreinterieur.be\/wp-content\/uploads\/2024\/10\/marco-bianchetti-BtU2LKWjAsA-unsplash-scaled-e1731144170416-1024x1024.jpg 1024w, https:\/\/hetreinterieur.be\/wp-content\/uploads\/2024\/10\/marco-bianchetti-BtU2LKWjAsA-unsplash-scaled-e1731144170416-300x300.jpg 300w, https:\/\/hetreinterieur.be\/wp-content\/uploads\/2024\/10\/marco-bianchetti-BtU2LKWjAsA-unsplash-scaled-e1731144170416-150x150.jpg 150w, https:\/\/hetreinterieur.be\/wp-content\/uploads\/2024\/10\/marco-bianchetti-BtU2LKWjAsA-unsplash-scaled-e1731144170416-768x768.jpg 768w, https:\/\/hetreinterieur.be\/wp-content\/uploads\/2024\/10\/marco-bianchetti-BtU2LKWjAsA-unsplash-scaled-e1731144170416-1536x1536.jpg 1536w, https:\/\/hetreinterieur.be\/wp-content\/uploads\/2024\/10\/marco-bianchetti-BtU2LKWjAsA-unsplash-scaled-e1731144170416-1170x1170.jpg 1170w, https:\/\/hetreinterieur.be\/wp-content\/uploads\/2024\/10\/marco-bianchetti-BtU2LKWjAsA-unsplash-scaled-e1731144170416-1320x1320.jpg 1320w, https:\/\/hetreinterieur.be\/wp-content\/uploads\/2024\/10\/marco-bianchetti-BtU2LKWjAsA-unsplash-scaled-e1731144170416.jpg 1920w\" sizes=\"auto, (max-width: 1024px) 100vw, 1024px\" \/><\/a><\/div><a class=\"wp-block-latest-posts__post-title\" href=\"https:\/\/hetreinterieur.be\/index.php\/2024\/10\/30\/sous-emprise\/\">Que veut dire\u00a0 \u00ab\u00a0\u00eatre sous emprise\u00a0\u00bb\u00a0?<\/a><time datetime=\"2024-10-30T14:19:37+01:00\" class=\"wp-block-latest-posts__post-date\">30 octobre 2024<\/time><div class=\"wp-block-latest-posts__post-excerpt\">Cela veut dire que notre mental, notre \u00e9motionnel ou encore notre \u00e2me sont parasit\u00e9s par une personne manipulatrice qui consciemment ou inconsciemment brouille nos croyances,\u2026 <a class=\"wp-block-latest-posts__read-more\" href=\"https:\/\/hetreinterieur.be\/index.php\/2024\/10\/30\/sous-emprise\/\" rel=\"noopener noreferrer\">Lire la suite<span class=\"screen-reader-text\">\u00a0: Que veut dire\u00a0 \u00ab\u00a0\u00eatre sous emprise\u00a0\u00bb\u00a0?<\/span><\/a><\/div><\/li>\n<li><div class=\"wp-block-latest-posts__featured-image aligncenter\"><a href=\"https:\/\/hetreinterieur.be\/index.php\/2019\/03\/14\/les-risques-du-metier-daccompagnant\/\" aria-label=\"Les risques du m\u00e9tier d&rsquo;accompagnant &#8230;\"><img loading=\"lazy\" decoding=\"async\" width=\"1024\" height=\"1024\" src=\"https:\/\/hetreinterieur.be\/wp-content\/uploads\/2024\/10\/jesse-bowser-0ulvCH8PI1E-unsplash-scaled-e1731144239808-1024x1024.jpg\" class=\"attachment-large size-large wp-post-image\" alt=\"\" style=\"\" srcset=\"https:\/\/hetreinterieur.be\/wp-content\/uploads\/2024\/10\/jesse-bowser-0ulvCH8PI1E-unsplash-scaled-e1731144239808-1024x1024.jpg 1024w, https:\/\/hetreinterieur.be\/wp-content\/uploads\/2024\/10\/jesse-bowser-0ulvCH8PI1E-unsplash-scaled-e1731144239808-300x300.jpg 300w, https:\/\/hetreinterieur.be\/wp-content\/uploads\/2024\/10\/jesse-bowser-0ulvCH8PI1E-unsplash-scaled-e1731144239808-150x150.jpg 150w, https:\/\/hetreinterieur.be\/wp-content\/uploads\/2024\/10\/jesse-bowser-0ulvCH8PI1E-unsplash-scaled-e1731144239808-768x768.jpg 768w, https:\/\/hetreinterieur.be\/wp-content\/uploads\/2024\/10\/jesse-bowser-0ulvCH8PI1E-unsplash-scaled-e1731144239808-1170x1170.jpg 1170w, https:\/\/hetreinterieur.be\/wp-content\/uploads\/2024\/10\/jesse-bowser-0ulvCH8PI1E-unsplash-scaled-e1731144239808-1320x1320.jpg 1320w, https:\/\/hetreinterieur.be\/wp-content\/uploads\/2024\/10\/jesse-bowser-0ulvCH8PI1E-unsplash-scaled-e1731144239808.jpg 1378w\" sizes=\"auto, (max-width: 1024px) 100vw, 1024px\" \/><\/a><\/div><a class=\"wp-block-latest-posts__post-title\" href=\"https:\/\/hetreinterieur.be\/index.php\/2019\/03\/14\/les-risques-du-metier-daccompagnant\/\">Les risques du m\u00e9tier d&rsquo;accompagnant &#8230;<\/a><time datetime=\"2019-03-14T09:56:00+01:00\" class=\"wp-block-latest-posts__post-date\">14 mars 2019<\/time><div class=\"wp-block-latest-posts__post-excerpt\">\u00c0 premi\u00e8re vue, le r\u00f4le de th\u00e9rapeute peut sembler fort confortable : cabinets cosy, prises de rendez-vous, personnes demandeuses, etc. Mes fils m\u2019ont souvent charri\u00e9\u2026 <a class=\"wp-block-latest-posts__read-more\" href=\"https:\/\/hetreinterieur.be\/index.php\/2019\/03\/14\/les-risques-du-metier-daccompagnant\/\" rel=\"noopener noreferrer\">Lire la suite<span class=\"screen-reader-text\">\u00a0: Les risques du m\u00e9tier d&rsquo;accompagnant &#8230;<\/span><\/a><\/div><\/li>\n<\/ul>\n\n\n<div style=\"height:35px\" aria-hidden=\"true\" class=\"wp-block-spacer\"><\/div>\n","protected":false},"excerpt":{"rendered":"<p>D\u00e9couvrez notre blog Vous \u00eates arriv\u00e9 dans notre espace de lecture, prenez le temps de lire les articles que nous prenons soin d&rsquo;\u00e9crire. Ici on parle de tout et en toute bienveillance. Bonne lecture !<\/p>\n","protected":false},"author":1,"featured_media":1157,"parent":0,"menu_order":0,"comment_status":"closed","ping_status":"closed","template":"","meta":{"footnotes":""},"class_list":["post-520","page","type-page","status-publish","has-post-thumbnail","hentry"],"_links":{"self":[{"href":"https:\/\/hetreinterieur.be\/index.php\/wp-json\/wp\/v2\/pages\/520","targetHints":{"allow":["GET"]}}],"collection":[{"href":"https:\/\/hetreinterieur.be\/index.php\/wp-json\/wp\/v2\/pages"}],"about":[{"href":"https:\/\/hetreinterieur.be\/index.php\/wp-json\/wp\/v2\/types\/page"}],"author":[{"embeddable":true,"href":"https:\/\/hetreinterieur.be\/index.php\/wp-json\/wp\/v2\/users\/1"}],"replies":[{"embeddable":true,"href":"https:\/\/hetreinterieur.be\/index.php\/wp-json\/wp\/v2\/comments?post=520"}],"version-history":[{"count":40,"href":"https:\/\/hetreinterieur.be\/index.php\/wp-json\/wp\/v2\/pages\/520\/revisions"}],"predecessor-version":[{"id":1277,"href":"https:\/\/hetreinterieur.be\/index.php\/wp-json\/wp\/v2\/pages\/520\/revisions\/1277"}],"wp:featuredmedia":[{"embeddable":true,"href":"https:\/\/hetreinterieur.be\/index.php\/wp-json\/wp\/v2\/media\/1157"}],"wp:attachment":[{"href":"https:\/\/hetreinterieur.be\/index.php\/wp-json\/wp\/v2\/media?parent=520"}],"curies":[{"name":"wp","href":"https:\/\/api.w.org\/{rel}","templated":true}]}}