{"id":518,"date":"2024-10-27T17:13:29","date_gmt":"2024-10-27T16:13:29","guid":{"rendered":"https:\/\/hetreinterieur.be\/?page_id=518"},"modified":"2024-11-16T15:26:21","modified_gmt":"2024-11-16T14:26:21","slug":"nos-activites","status":"publish","type":"page","link":"https:\/\/hetreinterieur.be\/index.php\/nos-activites\/","title":{"rendered":"Nos activit\u00e9s"},"content":{"rendered":"\n<div style=\"height:50px\" aria-hidden=\"true\" class=\"wp-block-spacer\"><\/div>\n\n\n\n<h2 class=\"wp-block-heading has-text-regular-color has-text-color has-link-color has-alt-font-family has-large-font-size wp-elements-ce9984037e907154d87fa38f64f2ee77\">Ce que nous avons \u00e0 partager<\/h2>\n\n\n\n<p>Que ce soit pour du d\u00e9veloppement personnel, corporel ou spirituel, le centre et ses collaborateurs proposent diff\u00e9rents cours, ateliers, formations, et \u00e9galement des \u00e9v\u00e8nements pour se rassembler et \u00e9changer &#8230;<\/p>\n\n\n\n<p>Envie de proposer une nouvelle activit\u00e9 et de rejoindre l&rsquo;\u00e9quipe ? Cliquez-ici<\/p>\n\n\n\n<div style=\"height:50px\" aria-hidden=\"true\" class=\"wp-block-spacer\"><\/div>\n\n\n\n<div class=\"wp-block-columns is-layout-flex wp-container-core-columns-is-layout-28f84493 wp-block-columns-is-layout-flex\">\n<div class=\"wp-block-column is-layout-flow wp-container-core-column-is-layout-29333b1a wp-block-column-is-layout-flow\">\n<div class=\"wp-block-cover alignwide is-style-ona-hover-scale\" style=\"min-height:190px;aspect-ratio:unset;\"><span aria-hidden=\"true\" class=\"wp-block-cover__background has-headings-background-color has-background-dim-30 has-background-dim\"><\/span><img loading=\"lazy\" decoding=\"async\" width=\"2560\" height=\"2048\" class=\"wp-block-cover__image-background wp-image-81\" alt=\"\" src=\"http:\/\/hetreinterieur.be\/wp-content\/uploads\/2024\/10\/dane-wetton-AkSJQnem75Y-unsplash-scaled-e1729934427461.jpg\" style=\"object-position:48% 27%\" data-object-fit=\"cover\" data-object-position=\"48% 27%\" srcset=\"https:\/\/hetreinterieur.be\/wp-content\/uploads\/2024\/10\/dane-wetton-AkSJQnem75Y-unsplash-scaled-e1729934427461.jpg 2560w, https:\/\/hetreinterieur.be\/wp-content\/uploads\/2024\/10\/dane-wetton-AkSJQnem75Y-unsplash-scaled-e1729934427461-300x240.jpg 300w, https:\/\/hetreinterieur.be\/wp-content\/uploads\/2024\/10\/dane-wetton-AkSJQnem75Y-unsplash-scaled-e1729934427461-1024x819.jpg 1024w, https:\/\/hetreinterieur.be\/wp-content\/uploads\/2024\/10\/dane-wetton-AkSJQnem75Y-unsplash-scaled-e1729934427461-768x614.jpg 768w, https:\/\/hetreinterieur.be\/wp-content\/uploads\/2024\/10\/dane-wetton-AkSJQnem75Y-unsplash-scaled-e1729934427461-1536x1229.jpg 1536w, https:\/\/hetreinterieur.be\/wp-content\/uploads\/2024\/10\/dane-wetton-AkSJQnem75Y-unsplash-scaled-e1729934427461-2048x1638.jpg 2048w, https:\/\/hetreinterieur.be\/wp-content\/uploads\/2024\/10\/dane-wetton-AkSJQnem75Y-unsplash-scaled-e1729934427461-1170x936.jpg 1170w, https:\/\/hetreinterieur.be\/wp-content\/uploads\/2024\/10\/dane-wetton-AkSJQnem75Y-unsplash-scaled-e1729934427461-1320x1056.jpg 1320w\" sizes=\"auto, (max-width: 2560px) 100vw, 2560px\" \/><div class=\"wp-block-cover__inner-container is-layout-flow wp-block-cover-is-layout-flow\">\n<p class=\"has-text-align-center has-background-color has-text-color has-link-color has-headings-font-family has-large-font-size wp-elements-a36ea806c4b3fc35d381f07d3dc7425c\">Cours<\/p>\n<\/div><\/div>\n\n\n\n<div class=\"wp-block-cover alignwide is-style-ona-hover-scale\" style=\"min-height:189px;aspect-ratio:unset;\"><span aria-hidden=\"true\" class=\"wp-block-cover__background has-headings-background-color has-background-dim-30 has-background-dim\"><\/span><img loading=\"lazy\" decoding=\"async\" width=\"2560\" height=\"1707\" class=\"wp-block-cover__image-background wp-image-1222\" alt=\"\" src=\"http:\/\/hetreinterieur.be\/wp-content\/uploads\/2024\/10\/christin-hume-0MoF-Fe0w0A-unsplash-scaled.jpg\" style=\"object-position:54% 41%\" data-object-fit=\"cover\" data-object-position=\"54% 41%\" srcset=\"https:\/\/hetreinterieur.be\/wp-content\/uploads\/2024\/10\/christin-hume-0MoF-Fe0w0A-unsplash-scaled.jpg 2560w, https:\/\/hetreinterieur.be\/wp-content\/uploads\/2024\/10\/christin-hume-0MoF-Fe0w0A-unsplash-300x200.jpg 300w, https:\/\/hetreinterieur.be\/wp-content\/uploads\/2024\/10\/christin-hume-0MoF-Fe0w0A-unsplash-1024x683.jpg 1024w, https:\/\/hetreinterieur.be\/wp-content\/uploads\/2024\/10\/christin-hume-0MoF-Fe0w0A-unsplash-768x512.jpg 768w\" sizes=\"auto, (max-width: 2560px) 100vw, 2560px\" \/><div class=\"wp-block-cover__inner-container is-layout-flow wp-block-cover-is-layout-flow\">\n<p class=\"has-text-align-center has-background-color has-text-color has-link-color has-headings-font-family has-large-font-size wp-elements-2c9b81290ad25fcbf406dad17e86d22c\">Ateliers<\/p>\n<\/div><\/div>\n\n\n\n<div class=\"wp-block-cover alignwide is-style-ona-hover-scale\" style=\"min-height:190px;aspect-ratio:unset;\"><span aria-hidden=\"true\" class=\"wp-block-cover__background has-dark-background-color has-background-dim-30 has-background-dim\"><\/span><img loading=\"lazy\" decoding=\"async\" width=\"2560\" height=\"1707\" class=\"wp-block-cover__image-background wp-image-83\" alt=\"\" src=\"http:\/\/hetreinterieur.be\/wp-content\/uploads\/2024\/10\/sincerely-media-dGxOgeXAXm8-unsplash-scaled.jpg\" style=\"object-position:49% 4%\" data-object-fit=\"cover\" data-object-position=\"49% 4%\" srcset=\"https:\/\/hetreinterieur.be\/wp-content\/uploads\/2024\/10\/sincerely-media-dGxOgeXAXm8-unsplash-scaled.jpg 2560w, https:\/\/hetreinterieur.be\/wp-content\/uploads\/2024\/10\/sincerely-media-dGxOgeXAXm8-unsplash-300x200.jpg 300w, https:\/\/hetreinterieur.be\/wp-content\/uploads\/2024\/10\/sincerely-media-dGxOgeXAXm8-unsplash-1024x683.jpg 1024w, https:\/\/hetreinterieur.be\/wp-content\/uploads\/2024\/10\/sincerely-media-dGxOgeXAXm8-unsplash-768x512.jpg 768w, https:\/\/hetreinterieur.be\/wp-content\/uploads\/2024\/10\/sincerely-media-dGxOgeXAXm8-unsplash-1536x1024.jpg 1536w, https:\/\/hetreinterieur.be\/wp-content\/uploads\/2024\/10\/sincerely-media-dGxOgeXAXm8-unsplash-2048x1365.jpg 2048w, https:\/\/hetreinterieur.be\/wp-content\/uploads\/2024\/10\/sincerely-media-dGxOgeXAXm8-unsplash-1170x780.jpg 1170w, https:\/\/hetreinterieur.be\/wp-content\/uploads\/2024\/10\/sincerely-media-dGxOgeXAXm8-unsplash-1320x880.jpg 1320w\" sizes=\"auto, (max-width: 2560px) 100vw, 2560px\" \/><div class=\"wp-block-cover__inner-container is-layout-flow wp-block-cover-is-layout-flow\">\n<p class=\"has-text-align-center has-background-color has-text-color has-link-color has-headings-font-family has-large-font-size wp-elements-5c18cc2888b3ad8f5bcc2318943fd5c7\">Formations<\/p>\n<\/div><\/div>\n\n\n\n<div class=\"wp-block-cover alignwide is-style-ona-hover-scale\" style=\"min-height:190px;aspect-ratio:unset;\"><span aria-hidden=\"true\" class=\"wp-block-cover__background has-dark-background-color has-background-dim-30 has-background-dim\"><\/span><img loading=\"lazy\" decoding=\"async\" width=\"2560\" height=\"1707\" class=\"wp-block-cover__image-background wp-image-1219\" alt=\"\" src=\"http:\/\/hetreinterieur.be\/wp-content\/uploads\/2024\/10\/kelly-sikkema-f_aHTIof44U-unsplash-scaled.jpg\" data-object-fit=\"cover\" srcset=\"https:\/\/hetreinterieur.be\/wp-content\/uploads\/2024\/10\/kelly-sikkema-f_aHTIof44U-unsplash-scaled.jpg 2560w, https:\/\/hetreinterieur.be\/wp-content\/uploads\/2024\/10\/kelly-sikkema-f_aHTIof44U-unsplash-300x200.jpg 300w, https:\/\/hetreinterieur.be\/wp-content\/uploads\/2024\/10\/kelly-sikkema-f_aHTIof44U-unsplash-1024x683.jpg 1024w, https:\/\/hetreinterieur.be\/wp-content\/uploads\/2024\/10\/kelly-sikkema-f_aHTIof44U-unsplash-768x512.jpg 768w, https:\/\/hetreinterieur.be\/wp-content\/uploads\/2024\/10\/kelly-sikkema-f_aHTIof44U-unsplash-1536x1024.jpg 1536w, https:\/\/hetreinterieur.be\/wp-content\/uploads\/2024\/10\/kelly-sikkema-f_aHTIof44U-unsplash-2048x1365.jpg 2048w, https:\/\/hetreinterieur.be\/wp-content\/uploads\/2024\/10\/kelly-sikkema-f_aHTIof44U-unsplash-1170x780.jpg 1170w, https:\/\/hetreinterieur.be\/wp-content\/uploads\/2024\/10\/kelly-sikkema-f_aHTIof44U-unsplash-1320x880.jpg 1320w\" sizes=\"auto, (max-width: 2560px) 100vw, 2560px\" \/><div class=\"wp-block-cover__inner-container is-layout-flow wp-block-cover-is-layout-flow\">\n<p class=\"has-text-align-center has-background-color has-text-color has-link-color has-headings-font-family has-large-font-size wp-elements-e6ca783064d5833b09af0e2e18aa2de7\">Consultations<\/p>\n<\/div><\/div>\n\n\n\n<div class=\"wp-block-cover alignwide is-style-ona-hover-scale\" style=\"min-height:190px;aspect-ratio:unset;\"><span aria-hidden=\"true\" class=\"wp-block-cover__background has-dark-background-color has-background-dim-30 has-background-dim\"><\/span><img loading=\"lazy\" decoding=\"async\" width=\"1696\" height=\"2560\" class=\"wp-block-cover__image-background wp-image-1226\" alt=\"\" src=\"https:\/\/hetreinterieur.be\/wp-content\/uploads\/2024\/10\/shane-rounce-DNkoNXQti3c-unsplash-scaled.jpg\" style=\"object-position:46% 57%\" data-object-fit=\"cover\" data-object-position=\"46% 57%\" srcset=\"https:\/\/hetreinterieur.be\/wp-content\/uploads\/2024\/10\/shane-rounce-DNkoNXQti3c-unsplash-scaled.jpg 1696w, https:\/\/hetreinterieur.be\/wp-content\/uploads\/2024\/10\/shane-rounce-DNkoNXQti3c-unsplash-199x300.jpg 199w, https:\/\/hetreinterieur.be\/wp-content\/uploads\/2024\/10\/shane-rounce-DNkoNXQti3c-unsplash-678x1024.jpg 678w, https:\/\/hetreinterieur.be\/wp-content\/uploads\/2024\/10\/shane-rounce-DNkoNXQti3c-unsplash-768x1160.jpg 768w, https:\/\/hetreinterieur.be\/wp-content\/uploads\/2024\/10\/shane-rounce-DNkoNXQti3c-unsplash-1017x1536.jpg 1017w, https:\/\/hetreinterieur.be\/wp-content\/uploads\/2024\/10\/shane-rounce-DNkoNXQti3c-unsplash-1356x2048.jpg 1356w, https:\/\/hetreinterieur.be\/wp-content\/uploads\/2024\/10\/shane-rounce-DNkoNXQti3c-unsplash-1170x1766.jpg 1170w, https:\/\/hetreinterieur.be\/wp-content\/uploads\/2024\/10\/shane-rounce-DNkoNXQti3c-unsplash-1320x1993.jpg 1320w\" sizes=\"auto, (max-width: 1696px) 100vw, 1696px\" \/><div class=\"wp-block-cover__inner-container is-layout-flow wp-block-cover-is-layout-flow\">\n<p class=\"has-text-align-center has-background-color has-text-color has-link-color has-headings-font-family has-large-font-size wp-elements-7d644bebf20fcbb4574778a39a527c4b\">Supervision<\/p>\n<\/div><\/div>\n\n\n\n<div class=\"wp-block-cover alignwide is-style-ona-hover-scale\" style=\"min-height:190px;aspect-ratio:unset;\"><span aria-hidden=\"true\" class=\"wp-block-cover__background has-dark-background-color has-background-dim-30 has-background-dim\"><\/span><img loading=\"lazy\" decoding=\"async\" width=\"2560\" height=\"1707\" class=\"wp-block-cover__image-background wp-image-87\" alt=\"\" src=\"http:\/\/hetreinterieur.be\/wp-content\/uploads\/2024\/10\/kelsey-chance-ZrhtQyGFG6s-unsplash-scaled.jpg\" style=\"object-position:49% 40%\" data-object-fit=\"cover\" data-object-position=\"49% 40%\" srcset=\"https:\/\/hetreinterieur.be\/wp-content\/uploads\/2024\/10\/kelsey-chance-ZrhtQyGFG6s-unsplash-scaled.jpg 2560w, https:\/\/hetreinterieur.be\/wp-content\/uploads\/2024\/10\/kelsey-chance-ZrhtQyGFG6s-unsplash-300x200.jpg 300w, https:\/\/hetreinterieur.be\/wp-content\/uploads\/2024\/10\/kelsey-chance-ZrhtQyGFG6s-unsplash-1024x683.jpg 1024w, https:\/\/hetreinterieur.be\/wp-content\/uploads\/2024\/10\/kelsey-chance-ZrhtQyGFG6s-unsplash-768x512.jpg 768w, https:\/\/hetreinterieur.be\/wp-content\/uploads\/2024\/10\/kelsey-chance-ZrhtQyGFG6s-unsplash-1536x1024.jpg 1536w, https:\/\/hetreinterieur.be\/wp-content\/uploads\/2024\/10\/kelsey-chance-ZrhtQyGFG6s-unsplash-2048x1365.jpg 2048w, https:\/\/hetreinterieur.be\/wp-content\/uploads\/2024\/10\/kelsey-chance-ZrhtQyGFG6s-unsplash-1170x780.jpg 1170w, https:\/\/hetreinterieur.be\/wp-content\/uploads\/2024\/10\/kelsey-chance-ZrhtQyGFG6s-unsplash-1320x880.jpg 1320w\" sizes=\"auto, (max-width: 2560px) 100vw, 2560px\" \/><div class=\"wp-block-cover__inner-container is-layout-flow wp-block-cover-is-layout-flow\">\n<p class=\"has-text-align-center has-background-color has-text-color has-link-color has-headings-font-family has-large-font-size wp-elements-00bac337c657c48d851744080309bea8\">\u00c9v\u00e8nements<\/p>\n<\/div><\/div>\n<\/div>\n<\/div>\n\n\n\n<div style=\"height:50px\" aria-hidden=\"true\" class=\"wp-block-spacer\"><\/div>\n","protected":false},"excerpt":{"rendered":"<p>Ce que nous avons \u00e0 partager Que ce soit pour du d\u00e9veloppement personnel, corporel ou spirituel, le centre et ses collaborateurs proposent diff\u00e9rents cours, ateliers, formations, et \u00e9galement des \u00e9v\u00e8nements pour se rassembler et \u00e9changer &#8230; Envie de proposer une nouvelle activit\u00e9 et de rejoindre l&rsquo;\u00e9quipe ? Cliquez-ici<\/p>\n","protected":false},"author":1,"featured_media":1267,"parent":0,"menu_order":0,"comment_status":"closed","ping_status":"closed","template":"","meta":{"footnotes":""},"class_list":["post-518","page","type-page","status-publish","has-post-thumbnail","hentry"],"_links":{"self":[{"href":"https:\/\/hetreinterieur.be\/index.php\/wp-json\/wp\/v2\/pages\/518","targetHints":{"allow":["GET"]}}],"collection":[{"href":"https:\/\/hetreinterieur.be\/index.php\/wp-json\/wp\/v2\/pages"}],"about":[{"href":"https:\/\/hetreinterieur.be\/index.php\/wp-json\/wp\/v2\/types\/page"}],"author":[{"embeddable":true,"href":"https:\/\/hetreinterieur.be\/index.php\/wp-json\/wp\/v2\/users\/1"}],"replies":[{"embeddable":true,"href":"https:\/\/hetreinterieur.be\/index.php\/wp-json\/wp\/v2\/comments?post=518"}],"version-history":[{"count":23,"href":"https:\/\/hetreinterieur.be\/index.php\/wp-json\/wp\/v2\/pages\/518\/revisions"}],"predecessor-version":[{"id":1272,"href":"https:\/\/hetreinterieur.be\/index.php\/wp-json\/wp\/v2\/pages\/518\/revisions\/1272"}],"wp:featuredmedia":[{"embeddable":true,"href":"https:\/\/hetreinterieur.be\/index.php\/wp-json\/wp\/v2\/media\/1267"}],"wp:attachment":[{"href":"https:\/\/hetreinterieur.be\/index.php\/wp-json\/wp\/v2\/media?parent=518"}],"curies":[{"name":"wp","href":"https:\/\/api.w.org\/{rel}","templated":true}]}}