{"id":516,"date":"2024-10-27T17:11:12","date_gmt":"2024-10-27T16:11:12","guid":{"rendered":"https:\/\/hetreinterieur.be\/?page_id=516"},"modified":"2024-11-21T09:27:41","modified_gmt":"2024-11-21T08:27:41","slug":"le-centre","status":"publish","type":"page","link":"https:\/\/hetreinterieur.be\/index.php\/le-centre\/","title":{"rendered":"Le centre"},"content":{"rendered":"\n<div style=\"height:50px\" aria-hidden=\"true\" id=\"a-propos\" class=\"wp-block-spacer\"><\/div>\n\n\n\n<div class=\"wp-block-columns is-layout-flex wp-container-core-columns-is-layout-cf05694f wp-block-columns-is-layout-flex\">\n<div class=\"wp-block-column is-vertically-aligned-center is-content-justification-center is-layout-constrained wp-container-core-column-is-layout-91bde7bd wp-block-column-is-layout-constrained\" style=\"flex-basis:50%\">\n<figure class=\"wp-block-image aligncenter size-full\"><img loading=\"lazy\" decoding=\"async\" width=\"1535\" height=\"1042\" src=\"https:\/\/hetreinterieur.be\/wp-content\/uploads\/2024\/11\/Capture-decran-2024-11-16-155101.jpg\" alt=\"\" class=\"wp-image-1274\" srcset=\"https:\/\/hetreinterieur.be\/wp-content\/uploads\/2024\/11\/Capture-decran-2024-11-16-155101.jpg 1535w, https:\/\/hetreinterieur.be\/wp-content\/uploads\/2024\/11\/Capture-decran-2024-11-16-155101-300x204.jpg 300w, https:\/\/hetreinterieur.be\/wp-content\/uploads\/2024\/11\/Capture-decran-2024-11-16-155101-1024x695.jpg 1024w, https:\/\/hetreinterieur.be\/wp-content\/uploads\/2024\/11\/Capture-decran-2024-11-16-155101-768x521.jpg 768w, https:\/\/hetreinterieur.be\/wp-content\/uploads\/2024\/11\/Capture-decran-2024-11-16-155101-1170x794.jpg 1170w, https:\/\/hetreinterieur.be\/wp-content\/uploads\/2024\/11\/Capture-decran-2024-11-16-155101-1320x896.jpg 1320w\" sizes=\"auto, (max-width: 1535px) 100vw, 1535px\" \/><\/figure>\n<\/div>\n\n\n\n<div class=\"wp-block-column is-vertically-aligned-center is-layout-flow wp-block-column-is-layout-flow\">\n<p>Situ\u00e9 \u00e0 Warnant-Dreye, le centre H\u00eatre Int\u00e9rieur accueille depuis 15 ans toutes les personnes en qu\u00eate de cheminement et d&rsquo;\u00e9panouissement personnel.<\/p>\n<\/div>\n<\/div>\n\n\n\n<figure class=\"wp-block-gallery has-nested-images columns-default is-cropped wp-block-gallery-1 is-layout-flex wp-block-gallery-is-layout-flex\"><\/figure>\n\n\n\n<div style=\"height:29px\" aria-hidden=\"true\" class=\"wp-block-spacer\"><\/div>\n\n\n\n<div class=\"wp-block-cover alignfull is-light\" style=\"padding-top:var(--wp--preset--spacing--80);padding-bottom:var(--wp--preset--spacing--80)\"><span aria-hidden=\"true\" class=\"wp-block-cover__background has-secondary-background-color has-background-dim-100 has-background-dim\"><\/span><div class=\"wp-block-cover__inner-container is-layout-constrained wp-container-core-cover-is-layout-73e82df5 wp-block-cover-is-layout-constrained\">\n<div class=\"wp-block-columns is-layout-flex wp-container-core-columns-is-layout-28f84493 wp-block-columns-is-layout-flex\">\n<div class=\"wp-block-column is-layout-flow wp-block-column-is-layout-flow\">\n<h2 class=\"wp-block-heading has-text-align-center has-foreground-color has-text-color has-link-color wp-elements-45d1048ce0096fad165b17eb20d3ec85\">Nos objectifs<\/h2>\n\n\n\n<ul class=\"wp-block-list\">\n<li>R\u00e9unir des personnes aux expertises compl\u00e9mentaires pour prendre en charge la personne de mani\u00e8re globale tant au niveau corporel que psychique, \u00e9nerg\u00e9tique, ou spirituel.<\/li>\n\n\n\n<li>Offrir un lieu d\u2019\u00e9veil de conscience ouvert \u00e0 un public large. Un lieu de ressourcement, de partage d\u2019exp\u00e9riences, d\u2019\u00e9volution pour les diff\u00e9rents intervenants du centre.<\/li>\n\n\n\n<li>Proposer un panel d\u2019approches diversifi\u00e9es pour r\u00e9pondre \u00e0 la multiplicit\u00e9 des chemins d\u2019\u00e9volution.<\/li>\n\n\n\n<li>Ouvrir le monde de l\u2019entreprise aux valeurs de respect de la terre, du bien-\u00eatre, de l\u2019humanit\u00e9 avec un grand H en proposant des s\u00e9minaires adapt\u00e9s.<\/li>\n\n\n\n<li>D\u00e9velopper des synergies avec l\u2019ext\u00e9rieur (m\u00e9decins, centres, \u00e9coles\u2026)<\/li>\n\n\n\n<li>Proposer des formations de qualit\u00e9 dans des domaines divers pour permettre l\u2019acc\u00e8s \u00e0 de nouvelles professions ou pour compl\u00e9ter les acquis des futurs apprenants.<\/li>\n<\/ul>\n<\/div>\n<\/div>\n<\/div><\/div>\n\n\n\n<div style=\"height:29px\" aria-hidden=\"true\" id=\"nos-collaborateurs\" class=\"wp-block-spacer\"><\/div>\n\n\n\n<h2 class=\"wp-block-heading has-text-align-center\">Nos collaboratrices<\/h2>\n\n\n\n<div style=\"height:29px\" aria-hidden=\"true\" class=\"wp-block-spacer\"><\/div>\n\n\n\n<figure class=\"wp-block-gallery alignfull has-nested-images columns-3 is-cropped wp-block-gallery-2 is-layout-flex wp-block-gallery-is-layout-flex\" style=\"border-style:none;border-width:0px;border-radius:0px;margin-right:15%;margin-left:15%\">\n<figure class=\"wp-block-image size-full has-custom-border is-style-default\" style=\"margin-top:0;margin-bottom:0\"><a href=\"https:\/\/hetreinterieur.be\/index.php\/2024\/11\/13\/aude-benazzi\/\"><img loading=\"lazy\" decoding=\"async\" width=\"860\" height=\"860\" data-id=\"1364\" src=\"http:\/\/hetreinterieur.be\/wp-content\/uploads\/2024\/11\/aude-benazzi-e1732174716508.jpg\" alt=\"\" class=\"wp-image-1364\" style=\"border-style:none;border-width:0px;border-radius:10px\" srcset=\"https:\/\/hetreinterieur.be\/wp-content\/uploads\/2024\/11\/aude-benazzi-e1732174716508.jpg 860w, https:\/\/hetreinterieur.be\/wp-content\/uploads\/2024\/11\/aude-benazzi-e1732174716508-300x300.jpg 300w, https:\/\/hetreinterieur.be\/wp-content\/uploads\/2024\/11\/aude-benazzi-e1732174716508-150x150.jpg 150w, https:\/\/hetreinterieur.be\/wp-content\/uploads\/2024\/11\/aude-benazzi-e1732174716508-768x768.jpg 768w\" sizes=\"auto, (max-width: 860px) 100vw, 860px\" \/><\/a><figcaption class=\"wp-element-caption\">Aude Benazzi<\/figcaption><\/figure>\n\n\n\n<figure class=\"wp-block-image size-full has-custom-border\" style=\"margin-top:0;margin-bottom:0\"><a href=\"https:\/\/hetreinterieur.be\/index.php\/2024\/11\/13\/benedictes-coenraets\/\"><img loading=\"lazy\" decoding=\"async\" width=\"732\" height=\"732\" data-id=\"1353\" src=\"http:\/\/hetreinterieur.be\/wp-content\/uploads\/2024\/11\/benedicte-coenraets_2-e1732174785441.jpg\" alt=\"\" class=\"wp-image-1353\" style=\"border-style:none;border-width:0px;border-radius:10px\" srcset=\"https:\/\/hetreinterieur.be\/wp-content\/uploads\/2024\/11\/benedicte-coenraets_2-e1732174785441.jpg 732w, https:\/\/hetreinterieur.be\/wp-content\/uploads\/2024\/11\/benedicte-coenraets_2-e1732174785441-300x300.jpg 300w, https:\/\/hetreinterieur.be\/wp-content\/uploads\/2024\/11\/benedicte-coenraets_2-e1732174785441-150x150.jpg 150w\" sizes=\"auto, (max-width: 732px) 100vw, 732px\" \/><\/a><figcaption class=\"wp-element-caption\">B\u00e9n\u00e9dicte Coenraets<\/figcaption><\/figure>\n\n\n\n<figure class=\"wp-block-image size-full has-custom-border\" style=\"margin-top:0;margin-bottom:0\"><a href=\"https:\/\/hetreinterieur.be\/index.php\/2024\/11\/13\/dominique-de-thier\/\"><img loading=\"lazy\" decoding=\"async\" width=\"682\" height=\"683\" data-id=\"39\" src=\"http:\/\/hetreinterieur.be\/wp-content\/uploads\/2024\/10\/DSC07776-1-682x1024-1-e1732174922120.jpeg\" alt=\"\" class=\"wp-image-39\" style=\"border-style:none;border-width:0px;border-radius:10px\" srcset=\"https:\/\/hetreinterieur.be\/wp-content\/uploads\/2024\/10\/DSC07776-1-682x1024-1-e1732174922120.jpeg 682w, https:\/\/hetreinterieur.be\/wp-content\/uploads\/2024\/10\/DSC07776-1-682x1024-1-e1732174922120-300x300.jpeg 300w, https:\/\/hetreinterieur.be\/wp-content\/uploads\/2024\/10\/DSC07776-1-682x1024-1-e1732174922120-150x150.jpeg 150w\" sizes=\"auto, (max-width: 682px) 100vw, 682px\" \/><\/a><figcaption class=\"wp-element-caption\">Dominique de Thier<\/figcaption><\/figure>\n\n\n\n<figure class=\"wp-block-image size-full has-custom-border\" style=\"margin-top:0;margin-bottom:0\"><a href=\"https:\/\/hetreinterieur.be\/index.php\/2024\/11\/13\/isabelle-filleul\/\"><img loading=\"lazy\" decoding=\"async\" width=\"263\" height=\"263\" data-id=\"1351\" src=\"http:\/\/hetreinterieur.be\/wp-content\/uploads\/2024\/11\/isabelle_filleul-e1732174841455.png\" alt=\"\" class=\"wp-image-1351\" style=\"border-radius:10px\" srcset=\"https:\/\/hetreinterieur.be\/wp-content\/uploads\/2024\/11\/isabelle_filleul-e1732174841455.png 263w, https:\/\/hetreinterieur.be\/wp-content\/uploads\/2024\/11\/isabelle_filleul-e1732174841455-150x150.png 150w\" sizes=\"auto, (max-width: 263px) 100vw, 263px\" \/><\/a><figcaption class=\"wp-element-caption\">Isabelle Filleul<\/figcaption><\/figure>\n\n\n\n<figure class=\"wp-block-image size-full has-custom-border\" style=\"margin-top:0;margin-bottom:0\"><a href=\"https:\/\/hetreinterieur.be\/index.php\/2024\/11\/13\/christel-gourmet\/\"><img loading=\"lazy\" decoding=\"async\" width=\"1049\" height=\"1050\" data-id=\"1352\" src=\"http:\/\/hetreinterieur.be\/wp-content\/uploads\/2024\/11\/Photo-cgourmet-e1732174819692.jpg\" alt=\"\" class=\"wp-image-1352\" style=\"border-radius:10px\" srcset=\"https:\/\/hetreinterieur.be\/wp-content\/uploads\/2024\/11\/Photo-cgourmet-e1732174819692.jpg 1049w, https:\/\/hetreinterieur.be\/wp-content\/uploads\/2024\/11\/Photo-cgourmet-e1732174819692-300x300.jpg 300w, https:\/\/hetreinterieur.be\/wp-content\/uploads\/2024\/11\/Photo-cgourmet-e1732174819692-1024x1024.jpg 1024w, https:\/\/hetreinterieur.be\/wp-content\/uploads\/2024\/11\/Photo-cgourmet-e1732174819692-150x150.jpg 150w, https:\/\/hetreinterieur.be\/wp-content\/uploads\/2024\/11\/Photo-cgourmet-e1732174819692-768x769.jpg 768w\" sizes=\"auto, (max-width: 1049px) 100vw, 1049px\" \/><\/a><figcaption class=\"wp-element-caption\">Christel Gourmet<\/figcaption><\/figure>\n\n\n\n<figure class=\"wp-block-image size-full has-custom-border\" style=\"margin-top:0;margin-bottom:0\"><a href=\"https:\/\/hetreinterieur.be\/index.php\/2024\/11\/13\/laurence-marion\/\"><img loading=\"lazy\" decoding=\"async\" width=\"1396\" height=\"1396\" data-id=\"1362\" src=\"http:\/\/hetreinterieur.be\/wp-content\/uploads\/2024\/11\/IMG-20240513-WA0017-e1732174750263.jpg\" alt=\"\" class=\"wp-image-1362\" style=\"border-radius:10px\" srcset=\"https:\/\/hetreinterieur.be\/wp-content\/uploads\/2024\/11\/IMG-20240513-WA0017-e1732174750263.jpg 1396w, https:\/\/hetreinterieur.be\/wp-content\/uploads\/2024\/11\/IMG-20240513-WA0017-e1732174750263-300x300.jpg 300w, https:\/\/hetreinterieur.be\/wp-content\/uploads\/2024\/11\/IMG-20240513-WA0017-e1732174750263-1024x1024.jpg 1024w, https:\/\/hetreinterieur.be\/wp-content\/uploads\/2024\/11\/IMG-20240513-WA0017-e1732174750263-150x150.jpg 150w, https:\/\/hetreinterieur.be\/wp-content\/uploads\/2024\/11\/IMG-20240513-WA0017-e1732174750263-768x768.jpg 768w, https:\/\/hetreinterieur.be\/wp-content\/uploads\/2024\/11\/IMG-20240513-WA0017-e1732174750263-1170x1170.jpg 1170w, https:\/\/hetreinterieur.be\/wp-content\/uploads\/2024\/11\/IMG-20240513-WA0017-e1732174750263-1320x1320.jpg 1320w\" sizes=\"auto, (max-width: 1396px) 100vw, 1396px\" \/><\/a><figcaption class=\"wp-element-caption\">Laurence Marion<\/figcaption><\/figure>\n<\/figure>\n\n\n\n<div style=\"height:29px\" aria-hidden=\"true\" class=\"wp-block-spacer\"><\/div>\n\n\n\n<div class=\"wp-block-cover alignfull is-light\" style=\"min-height:50px;aspect-ratio:unset;\"><span aria-hidden=\"true\" class=\"wp-block-cover__background has-background-dim-100 has-background-dim\" style=\"background-color:#c9d100\"><\/span><div class=\"wp-block-cover__inner-container is-layout-flow wp-block-cover-is-layout-flow\">\n<div class=\"wp-block-columns are-vertically-aligned-center is-layout-flex wp-container-core-columns-is-layout-f5a44f5b wp-block-columns-is-layout-flex\">\n<div class=\"wp-block-column is-vertically-aligned-center is-layout-flow wp-block-column-is-layout-flow\" style=\"flex-basis:60%\">\n<p class=\"has-text-align-right ona-text-letter-spacing has-dark-color has-text-color has-link-color has-small-font-size wp-elements-3086a260cbcb13bed3eee3793b88e198\" style=\"font-style:normal;font-weight:600;text-transform:uppercase\">louer une salle ou un bureau au H\u00eatre Int\u00e9rieur ?<\/p>\n<\/div>\n\n\n\n<div class=\"wp-block-column is-vertically-aligned-center is-layout-flow wp-block-column-is-layout-flow\">\n<div class=\"wp-block-buttons is-layout-flex wp-block-buttons-is-layout-flex\">\n<div class=\"wp-block-button has-custom-width wp-block-button__width-75 has-custom-font-size is-style-outline has-small-font-size is-style-outline--3\" style=\"font-style:normal;font-weight:300;letter-spacing:1px\"><a class=\"wp-block-button__link has-border-color has-dark-border-color wp-element-button\" href=\"http:\/\/hetreinterieur.be\/wp-content\/uploads\/2024\/11\/hetre_interieur_book_location.pdf\" style=\"border-width:1px;padding-top:var(--wp--preset--spacing--40);padding-bottom:var(--wp--preset--spacing--40)\" target=\"_blank\" rel=\"noreferrer noopener\">EN SAVOIR PLUS<\/a><\/div>\n<\/div>\n<\/div>\n<\/div>\n<\/div><\/div>\n\n\n\n<div class=\"wp-block-cover alignfull is-light\" style=\"padding-top:var(--wp--preset--spacing--80);padding-bottom:var(--wp--preset--spacing--80)\" id=\"notre-charte\"><span aria-hidden=\"true\" class=\"wp-block-cover__background has-secondary-background-color has-background-dim-100 has-background-dim\"><\/span><div class=\"wp-block-cover__inner-container is-layout-constrained wp-container-core-cover-is-layout-73e82df5 wp-block-cover-is-layout-constrained\">\n<div class=\"wp-block-columns is-layout-flex wp-container-core-columns-is-layout-28f84493 wp-block-columns-is-layout-flex\">\n<div class=\"wp-block-column is-layout-flow wp-block-column-is-layout-flow\">\n<h2 class=\"wp-block-heading has-text-align-center has-foreground-color has-text-color has-link-color wp-elements-23891f82f6b487e093f05577fbbc6aa9\">Notre charte \u00e9thique<\/h2>\n\n\n\n<p>En rejoignant le centre, les diff\u00e9rents intervenants et praticiens qui y travaillent se sont engag\u00e9s \u00e0 respecter et faire respecter un s\u00e9rie de r\u00e8gles afin de pouvoir travailler en synergie, dans une s\u00e9curit\u00e9 maximale, unis par des valeurs communes et une solide expertise.<\/p>\n\n\n\n<ul class=\"wp-block-list\">\n<li>Respecter les valeurs philosophiques et morales du demandeur et les d\u00e9marches d\u00e9j\u00e0 entreprises sans imposer ses propres convictions ou s\u2019opposer \u00e0 d\u2019autres traitements.<\/li>\n\n\n\n<li>Partager une m\u00eame philosophie des soins : faire confiance aux forces gu\u00e9risseuses du client et l\u2019aider \u00e0 l\u2019optimiser sans se substituer \u00e0 son propre potentiel et le rendre ainsi d\u00e9pendant.<\/li>\n\n\n\n<li>Avoir une solide formation et exp\u00e9rience.<\/li>\n\n\n\n<li>Pr\u00e9senter une certaine homog\u00e9n\u00e9it\u00e9 des tarifs<\/li>\n\n\n\n<li>Respecter la personne dans son \u00e9volution, dans sa sp\u00e9cificit\u00e9 et dans son d\u00e9sir de discr\u00e9tion.<\/li>\n\n\n\n<li>\u00c9tablir de nombreuses synergies avec l\u2019ext\u00e9rieur (hom\u00e9opathes, psychiatres, centres,..)<\/li>\n\n\n\n<li>Encourager la collaboration et les ponts entre les diff\u00e9rentes approches sans se mettre en comp\u00e9tition.<\/li>\n\n\n\n<li>Orienter la personne demandeuse d\u2019accompagnement vers la d\u00e9marche la plus ad\u00e9quate pour sa difficult\u00e9.<\/li>\n\n\n\n<li>Mettre le respect du patient\/client au centre de ses pr\u00e9occupations<\/li>\n<\/ul>\n<\/div>\n<\/div>\n<\/div><\/div>\n\n\n\n<p><\/p>\n","protected":false},"excerpt":{"rendered":"<p>Situ\u00e9 \u00e0 Warnant-Dreye, le centre H\u00eatre Int\u00e9rieur accueille depuis 15 ans toutes les personnes en qu\u00eate de cheminement et d&rsquo;\u00e9panouissement personnel. Nos collaboratrices<\/p>\n","protected":false},"author":1,"featured_media":1284,"parent":0,"menu_order":0,"comment_status":"closed","ping_status":"closed","template":"","meta":{"footnotes":""},"class_list":["post-516","page","type-page","status-publish","has-post-thumbnail","hentry"],"_links":{"self":[{"href":"https:\/\/hetreinterieur.be\/index.php\/wp-json\/wp\/v2\/pages\/516","targetHints":{"allow":["GET"]}}],"collection":[{"href":"https:\/\/hetreinterieur.be\/index.php\/wp-json\/wp\/v2\/pages"}],"about":[{"href":"https:\/\/hetreinterieur.be\/index.php\/wp-json\/wp\/v2\/types\/page"}],"author":[{"embeddable":true,"href":"https:\/\/hetreinterieur.be\/index.php\/wp-json\/wp\/v2\/users\/1"}],"replies":[{"embeddable":true,"href":"https:\/\/hetreinterieur.be\/index.php\/wp-json\/wp\/v2\/comments?post=516"}],"version-history":[{"count":62,"href":"https:\/\/hetreinterieur.be\/index.php\/wp-json\/wp\/v2\/pages\/516\/revisions"}],"predecessor-version":[{"id":1458,"href":"https:\/\/hetreinterieur.be\/index.php\/wp-json\/wp\/v2\/pages\/516\/revisions\/1458"}],"wp:featuredmedia":[{"embeddable":true,"href":"https:\/\/hetreinterieur.be\/index.php\/wp-json\/wp\/v2\/media\/1284"}],"wp:attachment":[{"href":"https:\/\/hetreinterieur.be\/index.php\/wp-json\/wp\/v2\/media?parent=516"}],"curies":[{"name":"wp","href":"https:\/\/api.w.org\/{rel}","templated":true}]}}