{"id":1264,"date":"2024-11-13T17:24:58","date_gmt":"2024-11-13T16:24:58","guid":{"rendered":"https:\/\/hetreinterieur.be\/?page_id=1264"},"modified":"2024-11-13T17:24:58","modified_gmt":"2024-11-13T16:24:58","slug":"nos-collaborateurs","status":"publish","type":"page","link":"https:\/\/hetreinterieur.be\/index.php\/nos-collaborateurs\/","title":{"rendered":"Nos collaborateurs"},"content":{"rendered":"<ul class=\"wp-block-latest-posts__list wp-block-latest-posts\"><li><a class=\"wp-block-latest-posts__post-title\" href=\"https:\/\/hetreinterieur.be\/index.php\/2024\/11\/13\/aude-benazzi\/\">Aude Benazzi<\/a><div class=\"wp-block-latest-posts__post-excerpt\">Le yoga pour moi ?C\u2019est un outil de reconnexion.Il me permet de revenir \u00e0 moi, de me resourcer pour vivre plus en conscience, plus intens\u00e9ment. C\u2019est ce que j\u2019ai envie d\u2019offrir dans mes cours.J\u2019aime bien pr\u00e9ciser qu\u2019il ne faut pas \u00eatre souple pour faire du yoga.Par contre, le yoga assouplit le corps et l\u2019esprit avec\u2026 <a class=\"wp-block-latest-posts__read-more\" href=\"https:\/\/hetreinterieur.be\/index.php\/2024\/11\/13\/aude-benazzi\/\" rel=\"noopener noreferrer\">Lire la suite<span class=\"screen-reader-text\">\u00a0: Aude Benazzi<\/span><\/a><\/div><\/li>\n<li><div class=\"wp-block-latest-posts__featured-image\"><img loading=\"lazy\" decoding=\"async\" width=\"150\" height=\"150\" src=\"https:\/\/hetreinterieur.be\/wp-content\/uploads\/2024\/11\/benedicte-coenraets_2-e1732174785441-150x150.jpg\" class=\"attachment-thumbnail size-thumbnail wp-post-image\" alt=\"\" style=\"\" srcset=\"https:\/\/hetreinterieur.be\/wp-content\/uploads\/2024\/11\/benedicte-coenraets_2-e1732174785441-150x150.jpg 150w, https:\/\/hetreinterieur.be\/wp-content\/uploads\/2024\/11\/benedicte-coenraets_2-e1732174785441-300x300.jpg 300w, https:\/\/hetreinterieur.be\/wp-content\/uploads\/2024\/11\/benedicte-coenraets_2-e1732174785441.jpg 732w\" sizes=\"auto, (max-width: 150px) 100vw, 150px\" \/><\/div><a class=\"wp-block-latest-posts__post-title\" href=\"https:\/\/hetreinterieur.be\/index.php\/2024\/11\/13\/benedictes-coenraets\/\">B\u00e9n\u00e9dicte Coenraets<\/a><div class=\"wp-block-latest-posts__post-excerpt\">Kin\u00e9sith\u00e9rapeute sp\u00e9cialis\u00e9e en cha\u00eenes musculaires, Psychoth\u00e9rapeute analytique existentielle, enseign\u00e9e par Mikkal (Dr. C. Michael Smith) au \u00ab\u00a0Sacredbreathwork\u00a0\u00bb\u00a0et aux rituels chamaniques, travail \u00e9nerg\u00e9tique et th\u00e9rapie trans-personnelle. T\u00e9l\u00e9phone\u00a0:\u00a00478 40 28 61Mail\u00a0: becoenraets@gmail.com Accompagnement de la personne,&nbsp;\u00ab&nbsp;le chemin du c\u0153ur&nbsp;\u00bb Mue par un \u00e9lan profond, je me vis inlassable chercheuse de v\u00e9rit\u00e9. Accompagn\u00e9e par mes enseignants, apprentie de\u2026 <a class=\"wp-block-latest-posts__read-more\" href=\"https:\/\/hetreinterieur.be\/index.php\/2024\/11\/13\/benedictes-coenraets\/\" rel=\"noopener noreferrer\">Lire la suite<span class=\"screen-reader-text\">\u00a0: B\u00e9n\u00e9dicte Coenraets<\/span><\/a><\/div><\/li>\n<li><div class=\"wp-block-latest-posts__featured-image\"><img loading=\"lazy\" decoding=\"async\" width=\"150\" height=\"150\" src=\"https:\/\/hetreinterieur.be\/wp-content\/uploads\/2024\/11\/Photo-cgourmet-e1732174819692-150x150.jpg\" class=\"attachment-thumbnail size-thumbnail wp-post-image\" alt=\"\" style=\"\" srcset=\"https:\/\/hetreinterieur.be\/wp-content\/uploads\/2024\/11\/Photo-cgourmet-e1732174819692-150x150.jpg 150w, https:\/\/hetreinterieur.be\/wp-content\/uploads\/2024\/11\/Photo-cgourmet-e1732174819692-300x300.jpg 300w, https:\/\/hetreinterieur.be\/wp-content\/uploads\/2024\/11\/Photo-cgourmet-e1732174819692-1024x1024.jpg 1024w, https:\/\/hetreinterieur.be\/wp-content\/uploads\/2024\/11\/Photo-cgourmet-e1732174819692-768x769.jpg 768w, https:\/\/hetreinterieur.be\/wp-content\/uploads\/2024\/11\/Photo-cgourmet-e1732174819692.jpg 1049w\" sizes=\"auto, (max-width: 150px) 100vw, 150px\" \/><\/div><a class=\"wp-block-latest-posts__post-title\" href=\"https:\/\/hetreinterieur.be\/index.php\/2024\/11\/13\/christel-gourmet\/\">Christel Gourmet<\/a><div class=\"wp-block-latest-posts__post-excerpt\">M\u00e9decin, form\u00e9e \u00e0 la m\u00e9thode Feldenkrais \u00e0 l\u2019IFELD, institut de formation \u00e0 Lyon.Elle propose une th\u00e9rapie corporelle bas\u00e9e sur la m\u00e9thode Feldenkrais, sous la forme de s\u00e9ances collectives et individuelles de \u00ab\u00a0prise de conscience par le mouvement\u00a0\u00bb (PCM). Elle pratique la c\u00e9ramique depuis une dizaine d\u2019ann\u00e9es. Le travail de tournage de la terre l\u2019am\u00e8ne \u00e0\u2026 <a class=\"wp-block-latest-posts__read-more\" href=\"https:\/\/hetreinterieur.be\/index.php\/2024\/11\/13\/christel-gourmet\/\" rel=\"noopener noreferrer\">Lire la suite<span class=\"screen-reader-text\">\u00a0: Christel Gourmet<\/span><\/a><\/div><\/li>\n<li><div class=\"wp-block-latest-posts__featured-image\"><img loading=\"lazy\" decoding=\"async\" width=\"150\" height=\"150\" src=\"https:\/\/hetreinterieur.be\/wp-content\/uploads\/2024\/10\/DSC07776-1-682x1024-1-e1732174922120-150x150.jpeg\" class=\"attachment-thumbnail size-thumbnail wp-post-image\" alt=\"\" style=\"\" srcset=\"https:\/\/hetreinterieur.be\/wp-content\/uploads\/2024\/10\/DSC07776-1-682x1024-1-e1732174922120-150x150.jpeg 150w, https:\/\/hetreinterieur.be\/wp-content\/uploads\/2024\/10\/DSC07776-1-682x1024-1-e1732174922120-300x300.jpeg 300w, https:\/\/hetreinterieur.be\/wp-content\/uploads\/2024\/10\/DSC07776-1-682x1024-1-e1732174922120.jpeg 682w\" sizes=\"auto, (max-width: 150px) 100vw, 150px\" \/><\/div><a class=\"wp-block-latest-posts__post-title\" href=\"https:\/\/hetreinterieur.be\/index.php\/2024\/11\/13\/dominique-de-thier\/\">Dominique de Thier<\/a><div class=\"wp-block-latest-posts__post-excerpt\">35 ann\u00e9es d\u2019exp\u00e9rience en accompagnement d\u2019adultes, d\u2019adolescents, de chefs d\u2019entreprise et d\u2019\u00e9quipes de professionnels d\u00e9sireux d\u2019\u00e9voluer. Surnomm\u00e9e la sage flamme, je suis mari\u00e9e, m\u00e8re de quatre enfants et grand-m\u00e8re de quatre petits-enfants. Psychoth\u00e9rapeute pour adultes et adolescents, licenci\u00e9e en psychologie, form\u00e9e en analyse transactionnelle, th\u00e9rapie br\u00e8ve, symbolisation, hypnose Eriksonienne, analyse syst\u00e9mique, programmation neurolinguistique, biologie totale,\u2026 <a class=\"wp-block-latest-posts__read-more\" href=\"https:\/\/hetreinterieur.be\/index.php\/2024\/11\/13\/dominique-de-thier\/\" rel=\"noopener noreferrer\">Lire la suite<span class=\"screen-reader-text\">\u00a0: Dominique de Thier<\/span><\/a><\/div><\/li>\n<li><div class=\"wp-block-latest-posts__featured-image\"><img loading=\"lazy\" decoding=\"async\" width=\"150\" height=\"150\" src=\"https:\/\/hetreinterieur.be\/wp-content\/uploads\/2024\/11\/isabelle_filleul-e1732174841455-150x150.png\" class=\"attachment-thumbnail size-thumbnail wp-post-image\" alt=\"\" style=\"\" srcset=\"https:\/\/hetreinterieur.be\/wp-content\/uploads\/2024\/11\/isabelle_filleul-e1732174841455-150x150.png 150w, https:\/\/hetreinterieur.be\/wp-content\/uploads\/2024\/11\/isabelle_filleul-e1732174841455.png 263w\" sizes=\"auto, (max-width: 150px) 100vw, 150px\" \/><\/div><a class=\"wp-block-latest-posts__post-title\" href=\"https:\/\/hetreinterieur.be\/index.php\/2024\/11\/13\/isabelle-filleul\/\">Isabelle Filleul<\/a><div class=\"wp-block-latest-posts__post-excerpt\">Je suis maman d\u2019un ado et en couple depuis 21 ans. Institutrice de formation, je travaille depuis 20 ans dans une \u00e9cole d\u2019enseignement sp\u00e9cialis\u00e9. Comme la plupart d\u2019entre vous, je suis pass\u00e9e par de nombreuses \u00e9preuves et il m\u2019a fallu du temps pour remonter la pente, retrouver la lumi\u00e8re face \u00e0 ce mur qui \u00e9tait\u2026 <a class=\"wp-block-latest-posts__read-more\" href=\"https:\/\/hetreinterieur.be\/index.php\/2024\/11\/13\/isabelle-filleul\/\" rel=\"noopener noreferrer\">Lire la suite<span class=\"screen-reader-text\">\u00a0: Isabelle Filleul<\/span><\/a><\/div><\/li>\n<li><a class=\"wp-block-latest-posts__post-title\" href=\"https:\/\/hetreinterieur.be\/index.php\/2024\/11\/13\/laurence-marion\/\">Laurence Marion<\/a><div class=\"wp-block-latest-posts__post-excerpt\">Depuis mon plus jeune \u00e2ge, j\u2019aime la nature. Petite, j\u2019y passais de longues heures \u00e0 grimper dans les arbres et \u00e0 y construire des cabanes. J\u2019\u00e9tais cette petite fille libre, sauvage et joyeuse. La for\u00eat \u00e9tait mon terrain de jeu, aujourd\u2019hui, elle est mon havre de paix. A l\u2019heure actuelle,&nbsp; j\u2019y retourne encore pour y\u2026 <a class=\"wp-block-latest-posts__read-more\" href=\"https:\/\/hetreinterieur.be\/index.php\/2024\/11\/13\/laurence-marion\/\" rel=\"noopener noreferrer\">Lire la suite<span class=\"screen-reader-text\">\u00a0: Laurence Marion<\/span><\/a><\/div><\/li>\n<\/ul>","protected":false},"excerpt":{"rendered":"","protected":false},"author":1,"featured_media":0,"parent":0,"menu_order":0,"comment_status":"closed","ping_status":"closed","template":"","meta":{"footnotes":""},"class_list":["post-1264","page","type-page","status-publish","hentry"],"_links":{"self":[{"href":"https:\/\/hetreinterieur.be\/index.php\/wp-json\/wp\/v2\/pages\/1264","targetHints":{"allow":["GET"]}}],"collection":[{"href":"https:\/\/hetreinterieur.be\/index.php\/wp-json\/wp\/v2\/pages"}],"about":[{"href":"https:\/\/hetreinterieur.be\/index.php\/wp-json\/wp\/v2\/types\/page"}],"author":[{"embeddable":true,"href":"https:\/\/hetreinterieur.be\/index.php\/wp-json\/wp\/v2\/users\/1"}],"replies":[{"embeddable":true,"href":"https:\/\/hetreinterieur.be\/index.php\/wp-json\/wp\/v2\/comments?post=1264"}],"version-history":[{"count":1,"href":"https:\/\/hetreinterieur.be\/index.php\/wp-json\/wp\/v2\/pages\/1264\/revisions"}],"predecessor-version":[{"id":1265,"href":"https:\/\/hetreinterieur.be\/index.php\/wp-json\/wp\/v2\/pages\/1264\/revisions\/1265"}],"wp:attachment":[{"href":"https:\/\/hetreinterieur.be\/index.php\/wp-json\/wp\/v2\/media?parent=1264"}],"curies":[{"name":"wp","href":"https:\/\/api.w.org\/{rel}","templated":true}]}}